{"id":3,"date":"2023-01-21T00:18:26","date_gmt":"2023-01-21T00:18:26","guid":{"rendered":"http:\/\/opdebossen.com\/?page_id=3"},"modified":"2023-05-24T22:04:55","modified_gmt":"2023-05-24T20:04:55","slug":"privacy-policy","status":"publish","type":"page","link":"https:\/\/www.opdebossen.com\/de\/privacy-policy\/","title":{"rendered":"Privacy Policy"},"content":{"rendered":"<div data-elementor-type=\"wp-page\" data-elementor-id=\"3\" class=\"elementor elementor-3\" data-elementor-post-type=\"page\">\n\t\t\t\t\t\t<section class=\"elementor-section elementor-top-section elementor-element elementor-element-451acf9a elementor-section-boxed elementor-section-height-default elementor-section-height-default\" data-id=\"451acf9a\" data-element_type=\"section\">\n\t\t\t\t\t\t<div class=\"elementor-container elementor-column-gap-default\">\n\t\t\t\t\t<div class=\"elementor-column elementor-col-100 elementor-top-column elementor-element elementor-element-61a56d5e\" data-id=\"61a56d5e\" data-element_type=\"column\">\n\t\t\t<div class=\"elementor-widget-wrap elementor-element-populated\">\n\t\t\t\t\t\t<div class=\"elementor-element elementor-element-28766915 elementor-widget elementor-widget-text-editor\" data-id=\"28766915\" data-element_type=\"widget\" data-widget_type=\"text-editor.default\">\n\t\t\t\t<div class=\"elementor-widget-container\">\n\t\t\t<style>\/*! elementor - v3.23.0 - 05-08-2024 *\/\n.elementor-widget-text-editor.elementor-drop-cap-view-stacked .elementor-drop-cap{background-color:#69727d;color:#fff}.elementor-widget-text-editor.elementor-drop-cap-view-framed .elementor-drop-cap{color:#69727d;border:3px solid;background-color:transparent}.elementor-widget-text-editor:not(.elementor-drop-cap-view-default) .elementor-drop-cap{margin-top:8px}.elementor-widget-text-editor:not(.elementor-drop-cap-view-default) .elementor-drop-cap-letter{width:1em;height:1em}.elementor-widget-text-editor .elementor-drop-cap{float:left;text-align:center;line-height:1;font-size:50px}.elementor-widget-text-editor .elementor-drop-cap-letter{display:inline-block}<\/style>\t\t\t\t<p>Datenschutzrichtlinie<\/p>\n<p>\u00a0<\/p>\n<p><br \/>Letzte Aktualisierung: 22.05.2023<\/p>\n<p>\u00a0<\/p>\n<p><br \/>Im B&amp;B Op de Bossen legen wir gro\u00dfen Wert auf die Privatsph\u00e4re unserer Besucher. In dieser Datenschutzerkl\u00e4rung erl\u00e4utern wir, welche personenbezogenen Daten wir erfassen, wie wir diese Daten nutzen und sch\u00fctzen und welche Rechte Sie in Bezug auf Ihre Daten haben.<\/p>\n<p>\u00a0<\/p>\n<p><br \/>1. Gesammelte Informationen<\/p>\n<p>Wenn Sie unsere Website besuchen, erfassen wir m\u00f6glicherweise bestimmte personenbezogene Daten wie Ihren Namen, Ihre E-Mail-Adresse, Ihre Telefonnummer und Ihre Pr\u00e4ferenzen. Diese Angaben werden von Ihnen \u00fcber Formulare auf unserer Website, etwa das Kontaktformular oder das Newsletter-Anmeldeformular, freiwillig gemacht.<\/p>\n<p>\u00a0<\/p>\n<p><br \/>2. Verwendung von Informationen<\/p>\n<p>Wir verwenden die gesammelten Informationen, um auf Ihre Fragen, W\u00fcnsche oder Buchungen zu antworten, Sie \u00fcber unseren Newsletter und etwaige Werbeaktionen auf dem Laufenden zu halten und Ihnen ein personalisiertes Erlebnis auf unserer Website zu bieten. Wir werden Ihre Daten nicht ohne Ihre Zustimmung verkaufen, vermieten oder an Dritte weitergeben, es sei denn, dies ist gesetzlich vorgeschrieben.<\/p>\n<p>\u00a0<\/p>\n<p><br \/>3. Datenschutz<\/p>\n<p>Wir ergreifen geeignete technische und organisatorische Ma\u00dfnahmen, um Ihre personenbezogenen Daten vor Verlust, Diebstahl, unbefugtem Zugriff oder unbefugter \u00c4nderung zu sch\u00fctzen. Wir bewahren Ihre Daten nur so lange auf, wie es zur Erf\u00fcllung der oben genannten Zwecke erforderlich ist, und l\u00f6schen sie anschlie\u00dfend sicher.<\/p>\n<p>\u00a0<\/p>\n<p><br \/>4. Cookies und Tracking<\/p>\n<p>Unsere Website verwendet Cookies, um Funktionalit\u00e4t und Leistung zu verbessern. Diese Cookies k\u00f6nnen Informationen \u00fcber Ihr Surfverhalten auf unserer Website sammeln. Sie k\u00f6nnen Ihren Browser so einstellen, dass er Cookies ablehnt oder eine Benachrichtigung erh\u00e4lt, wenn Cookies gesendet werden. Bitte beachten Sie jedoch, dass einige Teile unserer Website m\u00f6glicherweise nicht ordnungsgem\u00e4\u00df funktionieren, wenn Cookies deaktiviert sind.<\/p>\n<p>\u00a0<\/p>\n<p><br \/>5. Externe links<\/p>\n<p>Unsere Website kann Links zu externen Websites enthalten, auf die sich diese Datenschutzerkl\u00e4rung nicht erstreckt. Wir sind nicht verantwortlich f\u00fcr die Datenschutzpraktiken oder den Inhalt dieser externen Websites. Wir empfehlen Ihnen, die Datenschutzrichtlinien dieser Websites zu lesen, bevor Sie personenbezogene Daten angeben.<\/p>\n<p>\u00a0<\/p>\n<p><br \/>6. Ihre Rechte<\/p>\n<p>Sie haben das Recht, Ihre personenbezogenen Daten einzusehen, zu korrigieren, einzuschr\u00e4nken oder l\u00f6schen zu lassen. Sie k\u00f6nnen Ihre Einwilligung zur Verarbeitung Ihrer Daten auch widerrufen. Bitte kontaktieren Sie uns \u00fcber die untenstehenden Informationen, wenn Sie Ihre Rechte aus\u00fcben m\u00f6chten oder Fragen zu unserer Datenschutzrichtlinie haben.<\/p>\n<p>\u00a0<\/p>\n<p><br \/>7. Kontakt<\/p>\n<p>Wenn Sie Fragen, Kommentare oder W\u00fcnsche zu dieser Datenschutzrichtlinie haben, kontaktieren Sie uns bitte unter:<\/p>\n<p class=\"translation-block\">B&amp;B Op de Bossen<br>Adresse: Gulikstraat 60, 6471 AM Eygelshoven<br>Telefonnummer: +31655774003<br>E-Mail-Adresse: info@opdebossen.com<\/p>\n<p>\u00a0<\/p>\n<p><br \/>Wir behalten uns das Recht vor, diese Datenschutzerkl\u00e4rung jederzeit zu \u00e4ndern. Eventuelle \u00c4nderungen werden auf dieser Seite ver\u00f6ffentlicht. Wir empfehlen Ihnen, unsere Datenschutzerkl\u00e4rung regelm\u00e4\u00dfig zu konsultieren, um \u00fcber etwaige \u00c4nderungen auf dem Laufenden zu bleiben.<\/p>\t\t\t\t\t\t<\/div>\n\t\t\t\t<\/div>\n\t\t\t\t\t<\/div>\n\t\t<\/div>\n\t\t\t\t\t<\/div>\n\t\t<\/section>\n\t\t\t\t<\/div>","protected":false},"excerpt":{"rendered":"<p>Privacybeleid \u00a0 Laatst bijgewerkt op: 22-05-2023 \u00a0 Bij B&amp;B Op de Bossen hechten we veel waarde aan de privacy van onze bezoekers. In dit privacybeleid leggen we uit welke persoonlijke informatie we verzamelen, hoe we deze informatie gebruiken en beschermen, en welke rechten je hebt met betrekking tot jouw gegevens. \u00a0 1. Verzamelde informatie Wanneer [&hellip;]<\/p>\n","protected":false},"author":1,"featured_media":0,"parent":0,"menu_order":0,"comment_status":"closed","ping_status":"open","template":"","meta":[],"aioseo_notices":[],"_links":{"self":[{"href":"https:\/\/www.opdebossen.com\/de\/wp-json\/wp\/v2\/pages\/3"}],"collection":[{"href":"https:\/\/www.opdebossen.com\/de\/wp-json\/wp\/v2\/pages"}],"about":[{"href":"https:\/\/www.opdebossen.com\/de\/wp-json\/wp\/v2\/types\/page"}],"author":[{"embeddable":true,"href":"https:\/\/www.opdebossen.com\/de\/wp-json\/wp\/v2\/users\/1"}],"replies":[{"embeddable":true,"href":"https:\/\/www.opdebossen.com\/de\/wp-json\/wp\/v2\/comments?post=3"}],"version-history":[{"count":3,"href":"https:\/\/www.opdebossen.com\/de\/wp-json\/wp\/v2\/pages\/3\/revisions"}],"predecessor-version":[{"id":8196,"href":"https:\/\/www.opdebossen.com\/de\/wp-json\/wp\/v2\/pages\/3\/revisions\/8196"}],"wp:attachment":[{"href":"https:\/\/www.opdebossen.com\/de\/wp-json\/wp\/v2\/media?parent=3"}],"curies":[{"name":"wp","href":"https:\/\/api.w.org\/{rel}","templated":true}]}}